{"id":36,"date":"2025-01-19T11:29:56","date_gmt":"2025-01-19T11:29:56","guid":{"rendered":"https:\/\/www.poradnaostrov.cz\/?page_id=36"},"modified":"2026-02-10T12:07:26","modified_gmt":"2026-02-10T12:07:26","slug":"kontakt","status":"publish","type":"page","link":"https:\/\/www.poradnaostrov.cz\/index.php\/kontakt\/","title":{"rendered":"Kontakt"},"content":{"rendered":"\n<p><strong>Poradna Ostrov<\/strong><br>Ostrovn\u00ed ul. (vchod z Vor\u0161ilsk\u00e9 3)<br>Praha 1<\/p>\n\n\n\n<p>objednavky@poradnaostrov.cz<\/p>\n\n\n\n<p><strong>Mgr. Stanislava \u0160imkov\u00e1, speci\u00e1ln\u00ed pedagog, logoped<\/strong><br>simkova@poradnaostrov.cz<\/p>\n\n\n\n<p><strong>Mgr. et Mgr. Alexandra Pavl\u00e1tov\u00e1 Sedmihradsk\u00e1, psycholog, certifikovan\u00fd EEG terapeut<\/strong><br>sedmihradska@poradnaostrov.cz<\/p>\n\n\n\n<p><strong>Mgr. Jarmila Kyznerov\u00e1, certifikovan\u00fd EEG terapeut, lektor<\/strong><br>kyznerova@poradnaostrov.cz<\/p>\n\n\n\n<p>\u010clenstv\u00ed:<\/p>\n\n\n\n<figure class=\"wp-block-image size-large\"><img loading=\"lazy\" decoding=\"async\" width=\"1024\" height=\"224\" src=\"https:\/\/www.poradnaostrov.cz\/wp-content\/uploads\/2026\/02\/Snimek-obrazovky-2026-02-02-v-13.41.16-1024x224.png\" alt=\"\" class=\"wp-image-210\" srcset=\"https:\/\/www.poradnaostrov.cz\/wp-content\/uploads\/2026\/02\/Snimek-obrazovky-2026-02-02-v-13.41.16-1024x224.png 1024w, https:\/\/www.poradnaostrov.cz\/wp-content\/uploads\/2026\/02\/Snimek-obrazovky-2026-02-02-v-13.41.16-300x66.png 300w, https:\/\/www.poradnaostrov.cz\/wp-content\/uploads\/2026\/02\/Snimek-obrazovky-2026-02-02-v-13.41.16-768x168.png 768w, https:\/\/www.poradnaostrov.cz\/wp-content\/uploads\/2026\/02\/Snimek-obrazovky-2026-02-02-v-13.41.16-1536x336.png 1536w, https:\/\/www.poradnaostrov.cz\/wp-content\/uploads\/2026\/02\/Snimek-obrazovky-2026-02-02-v-13.41.16.png 1836w\" sizes=\"auto, (max-width: 1024px) 100vw, 1024px\" \/><\/figure>\n","protected":false},"excerpt":{"rendered":"<p>Poradna OstrovOstrovn\u00ed ul. (vchod z Vor\u0161ilsk\u00e9 3)Praha 1 objednavky@poradnaostrov.cz Mgr. Stanislava \u0160imkov\u00e1, speci\u00e1ln\u00ed pedagog, logopedsimkova@poradnaostrov.cz Mgr. et Mgr. Alexandra Pavl\u00e1tov\u00e1 &hellip; <\/p>\n","protected":false},"author":1,"featured_media":0,"parent":0,"menu_order":0,"comment_status":"closed","ping_status":"closed","template":"","meta":{"footnotes":""},"class_list":["post-36","page","type-page","status-publish","hentry"],"_links":{"self":[{"href":"https:\/\/www.poradnaostrov.cz\/index.php\/wp-json\/wp\/v2\/pages\/36","targetHints":{"allow":["GET"]}}],"collection":[{"href":"https:\/\/www.poradnaostrov.cz\/index.php\/wp-json\/wp\/v2\/pages"}],"about":[{"href":"https:\/\/www.poradnaostrov.cz\/index.php\/wp-json\/wp\/v2\/types\/page"}],"author":[{"embeddable":true,"href":"https:\/\/www.poradnaostrov.cz\/index.php\/wp-json\/wp\/v2\/users\/1"}],"replies":[{"embeddable":true,"href":"https:\/\/www.poradnaostrov.cz\/index.php\/wp-json\/wp\/v2\/comments?post=36"}],"version-history":[{"count":10,"href":"https:\/\/www.poradnaostrov.cz\/index.php\/wp-json\/wp\/v2\/pages\/36\/revisions"}],"predecessor-version":[{"id":214,"href":"https:\/\/www.poradnaostrov.cz\/index.php\/wp-json\/wp\/v2\/pages\/36\/revisions\/214"}],"wp:attachment":[{"href":"https:\/\/www.poradnaostrov.cz\/index.php\/wp-json\/wp\/v2\/media?parent=36"}],"curies":[{"name":"wp","href":"https:\/\/api.w.org\/{rel}","templated":true}]}}