{"id":40,"date":"2025-01-19T11:30:46","date_gmt":"2025-01-19T11:30:46","guid":{"rendered":"https:\/\/www.poradnaostrov.cz\/?page_id=40"},"modified":"2026-02-02T12:43:01","modified_gmt":"2026-02-02T12:43:01","slug":"o-gas","status":"publish","type":"page","link":"https:\/\/www.poradnaostrov.cz\/index.php\/o-gas\/","title":{"rendered":"O n\u00e1s"},"content":{"rendered":"\n<figure class=\"wp-block-image size-full\"><img loading=\"lazy\" decoding=\"async\" width=\"250\" height=\"352\" src=\"https:\/\/www.poradnaostrov.cz\/wp-content\/uploads\/2026\/01\/Snimek-obrazovky-2026-01-19-v-13.48.29.png\" alt=\"\" class=\"wp-image-177\" srcset=\"https:\/\/www.poradnaostrov.cz\/wp-content\/uploads\/2026\/01\/Snimek-obrazovky-2026-01-19-v-13.48.29.png 250w, https:\/\/www.poradnaostrov.cz\/wp-content\/uploads\/2026\/01\/Snimek-obrazovky-2026-01-19-v-13.48.29-213x300.png 213w\" sizes=\"auto, (max-width: 250px) 100vw, 250px\" \/><\/figure>\n\n\n\n<p><strong>Mgr. Stanislava \u0160imkov\u00e1, speci\u00e1ln\u00ed pedagog, logoped<\/strong><br>simkova@poradnaostrov.cz<\/p>\n\n\n\n\n\n<figure class=\"wp-block-image size-full is-resized\"><img loading=\"lazy\" decoding=\"async\" width=\"574\" height=\"708\" src=\"https:\/\/www.poradnaostrov.cz\/wp-content\/uploads\/2026\/01\/Snimek-obrazovky-2026-01-13-v-8.18.28.png\" alt=\"\" class=\"wp-image-146\" style=\"width:219px;height:auto\" srcset=\"https:\/\/www.poradnaostrov.cz\/wp-content\/uploads\/2026\/01\/Snimek-obrazovky-2026-01-13-v-8.18.28.png 574w, https:\/\/www.poradnaostrov.cz\/wp-content\/uploads\/2026\/01\/Snimek-obrazovky-2026-01-13-v-8.18.28-243x300.png 243w\" sizes=\"auto, (max-width: 574px) 100vw, 574px\" \/><\/figure>\n\n\n\n<p><strong>Mgr. et Mgr. Alexandra Pavl\u00e1tov\u00e1 Sedmihradsk\u00e1, psycholog, certifikovan\u00fd EEG terapeut<\/strong><br>sedmihradska@poradnaostrov.cz<\/p>\n\n\n\n<p>Zaj\u00edm\u00e1m se o r\u016fzn\u00e9 formy komunikace a programy podporuj\u00edc\u00ed rozvoj d\u011bt\u00ed i dosp\u011bl\u00fdch v mnoha oblastech.&nbsp;<\/p>\n\n\n\n<p>Vystudovala jsem jednooborovou psychologii a pedagogiku na Filozofick\u00e9 fakult\u011b UK v Praze.&nbsp;Specializuji se na d\u011btskou psychologii d\u011bt\u00ed a dosp\u00edvaj\u00edc\u00edch, m\u00e1m dlouholet\u00e9 zku\u0161enosti z pr\u00e1ce v&nbsp;pedagogicko-psychologick\u00e9 poradn\u011b a z&nbsp;v\u00fduky na&nbsp;Vy\u0161\u0161\u00ed a st\u0159edn\u00ed odborn\u00e9 \u0161kole pedagogick\u00e9 a gymn\u00e1ziu v Praze.&nbsp;&nbsp;<\/p>\n\n\n\n<p>Pod\u00edlela jsem se tak\u00e9 na tvorb\u011b a veden\u00ed vzd\u011bl\u00e1vac\u00edch a rozvojov\u00fdch program\u016f, nap\u0159\u00edklad pro spole\u010dnost Scio, Nadaci Terezy Maxov\u00e9, Alianci d\u011btsk\u00e9ho plav\u00e1n\u00ed.&nbsp;<\/p>\n\n\n\n<p>Zaj\u00edm\u00e1m se o t\u00e9mata komunikace, sebehodnoty, osobn\u00edho rozvoje, kari\u00e9rn\u00edho kou\u010dov\u00e1n\u00ed, du\u0161evn\u00edho zdrav\u00ed, zvl\u00e1d\u00e1n\u00ed stresu a emoc\u00ed a pozitivn\u00ed psychologii.<\/p>\n\n\n\n<figure class=\"wp-block-image size-full is-resized\"><img loading=\"lazy\" decoding=\"async\" width=\"528\" height=\"828\" src=\"https:\/\/www.poradnaostrov.cz\/wp-content\/uploads\/2025\/11\/Snimek-obrazovky-2025-11-07-v-12.31.22.png\" alt=\"\" class=\"wp-image-137\" style=\"width:218px;height:auto\" srcset=\"https:\/\/www.poradnaostrov.cz\/wp-content\/uploads\/2025\/11\/Snimek-obrazovky-2025-11-07-v-12.31.22.png 528w, https:\/\/www.poradnaostrov.cz\/wp-content\/uploads\/2025\/11\/Snimek-obrazovky-2025-11-07-v-12.31.22-191x300.png 191w\" sizes=\"auto, (max-width: 528px) 100vw, 528px\" \/><\/figure>\n\n\n\n<p><strong>Mgr. Jarmila Kyznerov\u00e1<\/strong>, <strong>certifikovan\u00fd EEG terapeut, pedagog, lektor<\/strong><br>kyznerova@poradnaostrov.cz<\/p>\n\n\n\n<p>Jsem absolventkou oboru biologie a pedagogika&nbsp;&nbsp;na Pedagogick\u00e9 fakult\u011b Univerzity Karlovy a&nbsp;roz\u0161i\u0159uj\u00edc\u00edho studia speci\u00e1ln\u00ed pedagogiky. Patn\u00e1ct let p\u016fsob\u00edm na Vy\u0161\u0161\u00ed a st\u0159edn\u00ed odborn\u00e9 \u0161kole pedagogick\u00e9 a gymn\u00e1ziu, kde se v\u011bnuji v\u00fduce biologie, pedagogick\u00fdch discipl\u00edn, zdravov\u011bdy a environment\u00e1ln\u00ed v\u00fdchovy. Z\u00e1rove\u0148 zde tak\u00e9 zast\u0159e\u0161uji v\u00fduku biologie.<\/p>\n\n\n\n<p>Dlouhodob\u011b se v\u011bnuji&nbsp;problematice vlivu psychosoci\u00e1ln\u00edch souvislost\u00ed zdrav\u00ed a inkluzivn\u00edmu vzd\u011bl\u00e1v\u00e1n\u00ed \u017e\u00e1k\u016f se speci\u00e1ln\u00edmi vzd\u011bl\u00e1vac\u00edmi pot\u0159ebami. Rovn\u011b\u017e se v\u011bnuji&nbsp;mentoringu student\u016f v r\u00e1mci odborn\u00fdch prax\u00ed.&nbsp;&nbsp;<\/p>\n\n\n\n<p>Sv\u00e9 znalosti si pr\u016fb\u011b\u017en\u011b roz\u0161i\u0159uji, zejm\u00e9na v oblasti inkluzivn\u00edho vzd\u011bl\u00e1v\u00e1n\u00ed \u017e\u00e1k\u016f se specifick\u00fdmi vzd\u011bl\u00e1vac\u00edmi pot\u0159ebami a v&nbsp;oblasti neurov\u011bd a neurofeedbacku.<\/p>\n\n\n\n<p>\u010clenstv\u00ed:<\/p>\n\n\n\n<figure class=\"wp-block-image size-large\"><img loading=\"lazy\" decoding=\"async\" width=\"1024\" height=\"224\" src=\"https:\/\/www.poradnaostrov.cz\/wp-content\/uploads\/2026\/02\/Snimek-obrazovky-2026-02-02-v-13.41.16-1024x224.png\" alt=\"\" class=\"wp-image-210\" srcset=\"https:\/\/www.poradnaostrov.cz\/wp-content\/uploads\/2026\/02\/Snimek-obrazovky-2026-02-02-v-13.41.16-1024x224.png 1024w, https:\/\/www.poradnaostrov.cz\/wp-content\/uploads\/2026\/02\/Snimek-obrazovky-2026-02-02-v-13.41.16-300x66.png 300w, https:\/\/www.poradnaostrov.cz\/wp-content\/uploads\/2026\/02\/Snimek-obrazovky-2026-02-02-v-13.41.16-768x168.png 768w, https:\/\/www.poradnaostrov.cz\/wp-content\/uploads\/2026\/02\/Snimek-obrazovky-2026-02-02-v-13.41.16-1536x336.png 1536w, https:\/\/www.poradnaostrov.cz\/wp-content\/uploads\/2026\/02\/Snimek-obrazovky-2026-02-02-v-13.41.16.png 1836w\" sizes=\"auto, (max-width: 1024px) 100vw, 1024px\" \/><\/figure>\n","protected":false},"excerpt":{"rendered":"<p>Mgr. Stanislava \u0160imkov\u00e1, speci\u00e1ln\u00ed pedagog, logopedsimkova@poradnaostrov.cz Mgr. et Mgr. Alexandra Pavl\u00e1tov\u00e1 Sedmihradsk\u00e1, psycholog, certifikovan\u00fd EEG terapeutsedmihradska@poradnaostrov.cz Zaj\u00edm\u00e1m se o r\u016fzn\u00e9 &hellip; <\/p>\n","protected":false},"author":1,"featured_media":0,"parent":0,"menu_order":0,"comment_status":"closed","ping_status":"closed","template":"","meta":{"footnotes":""},"class_list":["post-40","page","type-page","status-publish","hentry"],"_links":{"self":[{"href":"https:\/\/www.poradnaostrov.cz\/index.php\/wp-json\/wp\/v2\/pages\/40","targetHints":{"allow":["GET"]}}],"collection":[{"href":"https:\/\/www.poradnaostrov.cz\/index.php\/wp-json\/wp\/v2\/pages"}],"about":[{"href":"https:\/\/www.poradnaostrov.cz\/index.php\/wp-json\/wp\/v2\/types\/page"}],"author":[{"embeddable":true,"href":"https:\/\/www.poradnaostrov.cz\/index.php\/wp-json\/wp\/v2\/users\/1"}],"replies":[{"embeddable":true,"href":"https:\/\/www.poradnaostrov.cz\/index.php\/wp-json\/wp\/v2\/comments?post=40"}],"version-history":[{"count":19,"href":"https:\/\/www.poradnaostrov.cz\/index.php\/wp-json\/wp\/v2\/pages\/40\/revisions"}],"predecessor-version":[{"id":211,"href":"https:\/\/www.poradnaostrov.cz\/index.php\/wp-json\/wp\/v2\/pages\/40\/revisions\/211"}],"wp:attachment":[{"href":"https:\/\/www.poradnaostrov.cz\/index.php\/wp-json\/wp\/v2\/media?parent=40"}],"curies":[{"name":"wp","href":"https:\/\/api.w.org\/{rel}","templated":true}]}}